{"id":11,"date":"2014-09-16T17:32:31","date_gmt":"2014-09-16T17:32:31","guid":{"rendered":"http:\/\/ldvm.org\/retmat\/?page_id=2"},"modified":"2023-12-17T19:15:49","modified_gmt":"2023-12-17T19:15:49","slug":"sample-page-2","status":"publish","type":"page","link":"https:\/\/ldvm.net\/retale\/","title":{"rendered":"Inicio"},"content":{"rendered":"<div class=\"entry-content\">\n<blockquote><p><strong>Tres d\u00edas de retiro espiritual para alejados.<\/strong><\/p><\/blockquote>\n<p style=\"text-align: justify;\">Retiro espiritual personalizado de fin de semana de 3 d\u00edas con pr\u00f3logo y ep\u00edlogo. El retiro puede adaptarlo a sus circunstancias pero para hacerlo de manera adecuada ser\u00e1 necesario seguir las indicaciones recomendadas (ver pautas) sobre previsiones, protecciones, horario y materiales.<\/p>\n<blockquote><p><strong>\u00bfDe qu\u00e9 se trata?<\/strong><\/p><\/blockquote>\n<p style=\"text-align: justify;\">Hacer unos Ejercicios Espirituales, un retiro espiritual, es una manera eficac\u00edsima de acercarse a Dios, una oportunidad estupenda para tratarle con paz, con mayor intensidad. Conocerle y conocernos con la luz que El nos da, de modo que ese conocimiento influya en nuestra vida, mejor\u00e1ndola, amando m\u00e1s a Dios y al pr\u00f3jimo. Muchas veces ser\u00e1 el inicio de una sincera conversi\u00f3n.<\/p>\n<p style=\"text-align: justify;\">Hay momentos en la vida en que es necesario pararse; \u00e9pocas en las que hay un nuevo despertar, en las que surgen -con la fuerza de la primera vez-, pasiones e iniciativas, afanes nobles que necesitan un cauce; periodos en que las necesidades espirituales se agudizan, y se mira la vida cara a Dios, y uno se plantea las grandes cuestiones de todos los tiempos: \u00bfDe d\u00f3nde vengo? \u00bfA d\u00f3nde voy? \u00bfCu\u00e1l es nuestro origen? \u00bfCu\u00e1l es nuestro fin? \u00bfDe d\u00f3nde viene y a d\u00f3nde va todo lo que existe?<\/p>\n<p style=\"text-align: justify;\">Muchas veces vamos por la vida como a galope. M\u00e1s que ir nosotros, nos traen y nos llevan las cosas, las situaciones, las circunstancias. \u00a1Siempre con prisas! \u00bfQu\u00e9 estoy haciendo con mi vida? \u00bfPara qui\u00e9n trabajo de esta manera?\u2026 \u00a1Que se detenga el mundo un par de d\u00edas! \u00a1Necesito pensar! Pues bien, en cierto sentido un retiro espiritual hace realidad ese \u201cmilagro\u201d.<\/p>\n<p style=\"text-align: justify;\">En muchas ocasiones nos limitamos a actuar como se dice el libro Camino: <em>\u201c\u00a1Galopar, galopar!\u2026\u00a1Hacer, hacer!\u2026 Fiebre, locura de moverse\u2026 Maravillosos edificios materiales\u2026<\/em><\/p>\n<p style=\"text-align: justify;\"><em>Espiritualmente: tablas de caj\u00f3n, percalinas, cartones repintados\u2026 \u00a1galopar!, \u00a1hacer! \u2014Y mucha gente corriendo: ir y venir.<\/em><\/p>\n<p style=\"text-align: justify;\"><em>Es que trabajan con vistas al momento de ahora: \u201cest\u00e1n\u201d siempre \u201cen presente\u201d. \u2014T\u00fa\u2026 has de ver las cosas con ojos de eternidad, \u201cteniendo en presente\u201d el final y el pasado\u2026 Quietud. \u2014Paz. \u2014Vida intensa dentro de ti. Sin galopar, sin la locura de cambiar de sitio, desde el lugar que en la vida te corresponde, como una poderosa m\u00e1quina de electricidad espiritual, \u00a1a cu\u00e1ntos dar\u00e1s luz y energ\u00eda!\u2026, sin perder tu vigor y tu luz.\u201d<\/em><\/p>\n<p style=\"text-align: justify;\">La paz de unos d\u00edas de retiro sirve para pensar con calma en lo importante, y poner un poco de orden en las ideas. Familia, trabajo, vida cristiana, amistades\u2026 \u00bfEst\u00e1 cada cosa en su sitio? \u00bfTengo que redimensionar alg\u00fan aspecto de mi vida?<\/p>\n<blockquote>\n<p style=\"text-align: justify;\"><strong>Soledad, sosiego, silencio, serenidad. Vida interior<\/strong><\/p>\n<\/blockquote>\n<p style=\"text-align: justify;\">Buscar la soledad es una constante en la historia de la espiritualidad, porque en la soledad acontece con m\u00e1s facilidad el encuentro del alma con Dios.<\/p>\n<p style=\"text-align: justify;\">\u201cSiempre empiezo a rezar en silencio, porque es en el silencio del coraz\u00f3n donde habla Dios. Dios es amigo del silencio: necesitamos escuchar a Dios, porque lo que importa no es lo que nosotros le decimos, sino lo que El nos dice y nos transmite\u201d (Beata Madre Teresa de Calcuta. Camino de sencillez).<\/p>\n<p style=\"text-align: justify;\">Para o\u00edr la voz de Dios se necesita un ambiente apropiado. Un clima de silencio, de recogimiento interior, que facilite el di\u00e1logo personal con El. Hablarle y escucharle. Eso es la oraci\u00f3n. Y en ese ambiente, podemos preguntarnos sobre el sentido de nuestra vida, y pregunt\u00e1rselo a Dios, que es quien nos la ha dado.<\/p>\n<p style=\"text-align: justify;\">Retirarnos algunos d\u00edas a un lugar solitario, para descubrir los valores del esp\u00edritu y ejercitarlos m\u00e1s en nuestra vida. Para ahondar hasta llegar a las ra\u00edces de lo que somos, de la grandeza y dignidad de ser y sabernos hijos de Dios. Para meditar sobre nuestro destino eterno.<\/p>\n<blockquote>\n<p style=\"text-align: justify;\"><strong>Pegas y excusas<\/strong><\/p>\n<\/blockquote>\n<p style=\"text-align: justify;\">Sin cesar aparecer\u00e1n razonadas pegas y excusas para dilatar, o no hacer un retiro espiritual : \u201cser\u00eda estupendo, lo reconozco, pero\u2026\u201d \u201cno es que no quiera hacerlo, es que\u2026\u201d Siempre habr\u00e1 algo urgente que nos impida encontrar tiempo para lo importante. Y unos d\u00edas de retiro \u2013procura que sean cada a\u00f1o- son muy importantes para tu vida. Las mayores dificultades son la pereza, no querer rectificar y evitar enfrentarse consigo mismo.<br \/>\nPiensa..\u00bfNo sientes que a tu vida -tan llena de ciertas cosas- le falta sentido? Querr\u00edas cambiar y, \u00bfno sabes c\u00f3mo? El retiro puede brindarle la soluci\u00f3n.<\/p>\n<blockquote>\n<p style=\"text-align: justify;\"><strong>Meditaciones y charlas<\/strong><\/p>\n<\/blockquote>\n<p style=\"text-align: justify;\">El retiro consta de distintos actos de piedad, -charlas, meditaciones, etc.- y de muchos momentos de silencio dedicados al examen personal y a la oraci\u00f3n.<\/p>\n<p style=\"text-align: justify;\">En las meditaciones o pl\u00e1ticas y charlas se suelen recordar las verdades fundamentales de la fe y de la moral cristiana, -de acuerdo con lo que el Magisterio de la Iglesia ha declarado doctrina segura-, para que nos lo apliquemos y mejoremos personalmente. Se procura que descubramos a Dios que se nos da a conocer en medio del trabajo, en la vida familiar o social, por la calle\u2026 que nos invita a participar de su felicidad, y que pide nuestra correspondencia.<\/p>\n<p style=\"text-align: justify;\">En el retiro no se plantean temas discutibles. Por eso no vamos para a hacer debates con otros; vamos a aprovechar el tiempo, a aprender y a adquirir la doctrina cierta, en la que se fundamenta la vida espiritual y de la que se desprenden los criterios pr\u00e1cticos de conducta para la vida cristiana.<\/p>\n<p style=\"text-align: justify;\">Es posible que, en alguna ocasi\u00f3n necesitemos tratar con mayor detenimiento alg\u00fan aspecto de las meditaciones o charlas, o que tengamos alguna duda que nos interese aclarar. Entonces, para no distraer la atenci\u00f3n de los dem\u00e1s, con sencillez, podemos acudir en privado a un sacerdote.<\/p>\n<blockquote>\n<p style=\"text-align: justify;\"><strong>Santa Misa y Sacramento de la Reconciliaci\u00f3n<\/strong><\/p>\n<\/blockquote>\n<p style=\"text-align: justify;\">Es bueno que en el retiro podamos acudir con tranquilidad y sin prisas a la Santa Misa y tener la oportunidad de recibir al Se\u00f1or. La Santa Misa es lo m\u00e1s importante en la vida de un cristiano; es \u201cel centro y la ra\u00edz de la vida interior\u201d. Porque es el mismo Sacrificio de la Cruz. Cuando se celebra una Misa, se hace presente lo que sucedi\u00f3 en el Calvario, aunque de una manera incruenta \u2013sin derramamiento de sangre- y misteriosa.<\/p>\n<p style=\"text-align: justify;\">Para vivir esta aventura estupenda de tanta intimidad con el Se\u00f1or \u2013lo tocamos, lo comemos, nos \u201cendiosamos\u201d al recibirle-, hay que estar en gracia, haber conseguido antes el perd\u00f3n de nuestros pecados. Este es otro de los grandes dones que el Se\u00f1or nos hace en el retiro espiritual.<\/p>\n<p style=\"text-align: justify;\">Con la Confesi\u00f3n bien hecha, Cristo perdona los pecados. Cuanto mejor se confiesa uno, m\u00e1s gracia recibe y m\u00e1s se aproxima a El. Y acercarnos a Dios es encontrar la alegr\u00eda y la paz. Por eso es muy importante aprovechar el sosiego y el recogimiento interior de esos d\u00edas, para preparar y hacer una buena Confesi\u00f3n.<\/p>\n<blockquote>\n<p style=\"text-align: justify;\"><strong>Lecturas espirituales y trato con Mar\u00eda<\/strong><\/p>\n<\/blockquote>\n<p style=\"text-align: justify;\">Aproveche el retiro espiritual para conocer mejor a Jesucristo, y as\u00ed poder tratarle y quererle m\u00e1s. \u00bfC\u00f3mo? Ayud\u00e1ndose, en los ratos libres, de alg\u00fan libro sobre su vida; o haciendo lectura meditada de los Evangelios, o del Catecismo de la Iglesia Cat\u00f3lica.<\/p>\n<p style=\"text-align: justify;\">Har\u00e1 mucho bien a su alma meditar particularmente la pasi\u00f3n y resurrecci\u00f3n de Nuestro Se\u00f1or y el env\u00edo en misi\u00f3n de los disc\u00edpulos. San Pablo lo explica con claridad que cada vez que el cristiano peca, renueva la Pasi\u00f3n de Cristo.<\/p>\n<p style=\"text-align: justify;\">Busque modos personales para tratar a la Virgen. Es propio de buenos hijos querer mucho a su Madre, y demostr\u00e1rselo con detalles de cari\u00f1o. Algunos son tradici\u00f3n antiqu\u00edsima de la Iglesia: como el rezo del Angelus y la Salve. Entre las oraciones y devociones que son m\u00e1s gratas a la Virgen, el rezo del Santo Rosario es, quiz\u00e1, la m\u00e1s popular.<\/p>\n<blockquote>\n<p style=\"text-align: justify;\"><strong>Hacer examen. Sinceridad. Prop\u00f3sitos de cambio<\/strong><\/p>\n<\/blockquote>\n<p style=\"text-align: justify;\">En el retiro le ayudar\u00e1n las meditaciones, charlas etc., pero no basta con participar en estos actos como espectador solamente, sino que lo fundamental y prioritario estar\u00e1 en examinar la conducta y la conciencia: repasar nuestra vida reciente y pasada, con relaci\u00f3n a Dios y al pr\u00f3jimo.<\/p>\n<p style=\"text-align: justify;\">El encuentro con Dios en esos d\u00edas, consiste esencialmente en una sincera y profunda apertura del alma, que muestra la situaci\u00f3n de la propia vida, la fe y la confianza en Jesucristo, el arrepentimiento de las culpas, la rectificaci\u00f3n de la vida y las necesidades que agobian o pesan.<br \/>\nPorque no es suficiente no desear ofender a Dios, sino que tenemos que llegar a quererle como se quieren los amigos de verdad. Si faltase la sinceridad, desaparecer\u00eda la posibilidad misma de la intimidad con Jes\u00fas, que no puede hacer nada con la doblez, con quien se oculta, con aquella persona que no quiere abrirle de par en par su interioridad.<\/p>\n<p style=\"text-align: justify;\">\u201cLos hombres est\u00e1n siempre dispuestos a curiosear y averiguar vidas ajenas, pero les da pereza conocerse a s\u00ed mismos y corregir su propia vida.\u201d (S. Agust\u00edn, Las Confesiones).<\/p>\n<p style=\"text-align: justify;\">Trate de aprovechar bien los d\u00edas de retiro, y vendr\u00e1n los frutos: prop\u00f3sitos de cambio -grandes o peque\u00f1os- en alg\u00fan aspecto de tu vida. Y con la gracia de Dios -y tambi\u00e9n, si queremos, con la ayuda del sacerdote- cambiar lo que haya que cambiar; mejorar lo que haya que mejorar. Despu\u00e9s vendr\u00e1 la vida ordinaria, en la que tendremos que poner por obra, luchando, lo que con la gracia de Dios hemos visto durante esos d\u00edas.<\/p>\n<p>Adaptado de Catholic.net<\/p>\n<\/div>\n","protected":false},"excerpt":{"rendered":"<p>Tres d\u00edas de retiro espiritual para alejados. Retiro espiritual personalizado de fin de semana de 3 d\u00edas con pr\u00f3logo y ep\u00edlogo. El retiro puede adaptarlo a sus circunstancias pero para hacerlo de manera adecuada ser\u00e1 necesario seguir las indicaciones recomendadas (ver pautas) sobre previsiones, protecciones, horario y materiales. \u00bfDe qu\u00e9 se trata? Hacer unos Ejercicios Espirituales, un retiro espiritual, es una manera eficac\u00edsima de acercarse a Dios, una oportunidad estupenda para tratarle con paz, con mayor intensidad. Conocerle y conocernos con la luz que El nos da, de modo que ese conocimiento influya en nuestra vida, mejor\u00e1ndola, amando m\u00e1s a Dios y al pr\u00f3jimo. Muchas veces ser\u00e1 el inicio de una sincera conversi\u00f3n. Hay momentos en la vida en que es necesario pararse; \u00e9pocas en las que hay un nuevo despertar, en las que surgen -con la fuerza de la primera vez-, pasiones e iniciativas, afanes nobles que necesitan un cauce; periodos en que las necesidades espirituales se agudizan, y se mira la vida cara a Dios, y uno se plantea las grandes cuestiones de todos los tiempos: \u00bfDe d\u00f3nde vengo? \u00bfA d\u00f3nde voy? \u00bfCu\u00e1l es nuestro origen? \u00bfCu\u00e1l es nuestro fin? \u00bfDe d\u00f3nde viene y a d\u00f3nde va todo lo que existe? Muchas veces vamos por la vida como a galope. M\u00e1s que ir nosotros, nos traen y nos llevan las cosas, las situaciones, las circunstancias. \u00a1Siempre con prisas! \u00bfQu\u00e9 estoy haciendo con mi vida? \u00bfPara qui\u00e9n trabajo de esta manera?\u2026 \u00a1Que se detenga el mundo un par de d\u00edas! \u00a1Necesito pensar! Pues bien, en cierto sentido un retiro espiritual hace realidad ese \u201cmilagro\u201d. En muchas ocasiones nos limitamos a actuar como se dice el libro Camino: \u201c\u00a1Galopar, galopar!\u2026\u00a1Hacer, hacer!\u2026 Fiebre, locura de moverse\u2026 Maravillosos edificios materiales\u2026 Espiritualmente: tablas de caj\u00f3n, percalinas, cartones repintados\u2026 \u00a1galopar!, \u00a1hacer! \u2014Y mucha gente corriendo: ir y venir. Es que trabajan con vistas al momento de ahora: \u201cest\u00e1n\u201d siempre \u201cen presente\u201d. \u2014T\u00fa\u2026 has de ver las cosas con ojos de eternidad, \u201cteniendo en presente\u201d el final y el pasado\u2026 Quietud. \u2014Paz. \u2014Vida intensa dentro de ti. Sin galopar, sin la locura de cambiar de sitio, desde el lugar que en la vida te corresponde, como una poderosa m\u00e1quina de electricidad espiritual, \u00a1a cu\u00e1ntos dar\u00e1s luz y energ\u00eda!\u2026, sin perder tu vigor y tu luz.\u201d La paz de unos d\u00edas de retiro sirve para pensar con calma en lo importante, y poner un poco de orden en las ideas. Familia, trabajo, vida cristiana, amistades\u2026 \u00bfEst\u00e1 cada cosa en su sitio? \u00bfTengo que redimensionar alg\u00fan aspecto de mi vida? Soledad, sosiego, silencio, serenidad. Vida interior Buscar la soledad es una constante en la historia de la espiritualidad, porque en la soledad acontece con m\u00e1s facilidad el encuentro del alma con Dios. \u201cSiempre empiezo a rezar en silencio, porque es en el silencio del coraz\u00f3n donde habla Dios. Dios es amigo del silencio: necesitamos escuchar a Dios, porque lo que importa no es lo que nosotros le decimos, sino lo que El nos dice y nos transmite\u201d (Beata Madre Teresa de Calcuta. Camino de sencillez). Para o\u00edr la voz de Dios se necesita un ambiente apropiado. Un clima de silencio, de recogimiento interior, que facilite el di\u00e1logo personal con El. Hablarle y escucharle. Eso es la oraci\u00f3n. Y en ese ambiente, podemos preguntarnos sobre el sentido de nuestra vida, y pregunt\u00e1rselo a Dios, que es quien nos la ha dado. Retirarnos algunos d\u00edas a un lugar solitario, para descubrir los valores del esp\u00edritu y ejercitarlos m\u00e1s en nuestra vida. Para ahondar hasta llegar a las ra\u00edces de lo que somos, de la grandeza y dignidad de ser y sabernos hijos de Dios. Para meditar sobre nuestro destino eterno. Pegas y excusas Sin cesar aparecer\u00e1n razonadas pegas y excusas para dilatar, o no hacer un retiro espiritual : \u201cser\u00eda estupendo, lo reconozco, pero\u2026\u201d \u201cno es que no quiera hacerlo, es que\u2026\u201d Siempre habr\u00e1 algo urgente que nos impida encontrar tiempo para lo importante. Y unos d\u00edas de retiro \u2013procura que sean cada a\u00f1o- son muy importantes para tu vida. Las mayores dificultades son la pereza, no querer rectificar y evitar enfrentarse consigo mismo. Piensa..\u00bfNo sientes que a tu vida -tan llena de ciertas cosas- le falta sentido? Querr\u00edas cambiar y, \u00bfno sabes c\u00f3mo? El retiro puede brindarle la soluci\u00f3n. Meditaciones y charlas El retiro consta de distintos actos de piedad, -charlas, meditaciones, etc.- y de muchos momentos de silencio dedicados al examen personal y a la oraci\u00f3n. En las meditaciones o pl\u00e1ticas y charlas se suelen recordar las verdades fundamentales de la fe y de la moral cristiana, -de acuerdo con lo que el Magisterio de la Iglesia ha declarado doctrina segura-, para que nos lo apliquemos y mejoremos personalmente. Se procura que descubramos a Dios que se nos da a conocer en medio del trabajo, en la vida familiar o social, por la calle\u2026 que nos invita a participar de su felicidad, y que pide nuestra correspondencia. En el retiro no se plantean temas discutibles. Por eso no vamos para a hacer debates con otros; vamos a aprovechar el tiempo, a aprender y a adquirir la doctrina cierta, en la que se fundamenta la vida espiritual y de la que se desprenden los criterios pr\u00e1cticos de conducta para la vida cristiana. Es posible que, en alguna ocasi\u00f3n necesitemos tratar con mayor detenimiento alg\u00fan aspecto de las meditaciones o charlas, o que tengamos alguna duda que nos interese aclarar. Entonces, para no distraer la atenci\u00f3n de los dem\u00e1s, con sencillez, podemos acudir en privado a un sacerdote. Santa Misa y Sacramento de la Reconciliaci\u00f3n Es bueno que en el retiro podamos acudir con tranquilidad y sin prisas a la Santa Misa y tener la oportunidad de recibir al Se\u00f1or. La Santa Misa es lo m\u00e1s importante en la vida de un cristiano; es \u201cel centro y la ra\u00edz de la vida interior\u201d. Porque es el mismo Sacrificio de la Cruz. Cuando se celebra una Misa, se hace presente lo que sucedi\u00f3 en el Calvario, aunque de una manera [&hellip;]<\/p>\n","protected":false},"author":5,"featured_media":0,"parent":0,"menu_order":0,"comment_status":"open","ping_status":"open","template":"","meta":{"footnotes":""},"class_list":["post-11","page","type-page","status-publish","hentry"],"_links":{"self":[{"href":"https:\/\/ldvm.net\/retale\/wp-json\/wp\/v2\/pages\/11","targetHints":{"allow":["GET"]}}],"collection":[{"href":"https:\/\/ldvm.net\/retale\/wp-json\/wp\/v2\/pages"}],"about":[{"href":"https:\/\/ldvm.net\/retale\/wp-json\/wp\/v2\/types\/page"}],"author":[{"embeddable":true,"href":"https:\/\/ldvm.net\/retale\/wp-json\/wp\/v2\/users\/5"}],"replies":[{"embeddable":true,"href":"https:\/\/ldvm.net\/retale\/wp-json\/wp\/v2\/comments?post=11"}],"version-history":[{"count":1,"href":"https:\/\/ldvm.net\/retale\/wp-json\/wp\/v2\/pages\/11\/revisions"}],"predecessor-version":[{"id":639,"href":"https:\/\/ldvm.net\/retale\/wp-json\/wp\/v2\/pages\/11\/revisions\/639"}],"wp:attachment":[{"href":"https:\/\/ldvm.net\/retale\/wp-json\/wp\/v2\/media?parent=11"}],"curies":[{"name":"wp","href":"https:\/\/api.w.org\/{rel}","templated":true}]}}