{"id":11,"date":"2014-09-16T17:32:31","date_gmt":"2014-09-16T17:32:31","guid":{"rendered":"http:\/\/ldvm.org\/retmat\/?page_id=2"},"modified":"2024-01-29T10:29:41","modified_gmt":"2024-01-29T09:29:41","slug":"sample-page-2","status":"publish","type":"page","link":"https:\/\/ldvm.net\/retcam\/","title":{"rendered":"Inicio"},"content":{"rendered":"<p><strong>Tres d\u00edas de retiro espiritual para caminantes<\/strong><\/p>\n<p>Retiro espiritual personalizado de fin de semana de 3 d\u00edas. El retiro puede adaptarlo a sus circunstancias. Lo importante es buscar a Jes\u00fas y poner los medios: recogimiento, silencio interior para escuchar, esfuerzo&#8230; Deseos de mejora, anhelo de esperanza, ilusi\u00f3n por aprender a querer m\u00e1s a Dios y a los dem\u00e1s.<br \/>\n<strong><br \/>\n\u00bfDe qu\u00e9 se trata?<\/strong><\/p>\n<p>Retirarnos algunos d\u00edas a un lugar solitario, para descubrir los valores del esp\u00edritu y ejercitarlos m\u00e1s en nuestra vida. Para ahondar hasta llegar a las ra\u00edces de lo que somos, de la grandeza y dignidad de ser y sabernos hijos de Dios. Para meditar sobre nuestro destino eterno.<\/p>\n<ul>\n<li>STOP: Parada <em>check-up<\/em>. Silencio interior. 3 d\u00edas dedicados a encontrarte contigo mismo y con Jes\u00fas.<\/li>\n<li>Formularnos preguntas de \u00e9sas que no tienen respuesta pero abren mediterr\u00e1neos y dan sentido a lo que hacemos.<\/li>\n<li>Recuperar la serenidad en tiempos acelerados. <em>Alma, calma<\/em>.<\/li>\n<li>Centrarse en lo que importa.<\/li>\n<li>Dios, los dem\u00e1s y yo.<\/li>\n<\/ul>\n<p><strong><br \/>\nPl\u00e1ticas <\/strong><\/p>\n<ul>\n<li>Son comentarios a escenas del evangelio. Pretenden mostrar un Jes\u00fas. Dios verdadero y verdadero y atractivo hombre, en quien nos podemos mirar y con quien podemos dialogar y contar.<\/li>\n<li>Se sugieren 4 para cada d\u00eda, que pueden complementarse con el material extra a disposici\u00f3n, seg\u00fan las necesidades personales: lecturas, rosario, consultas en el Catecismo, etc.<\/li>\n<li>No es raro sentir la necesidad de profundizar y personalizar el contenido. Hacen falta tiempos de silencio (mejor en la iglesia) para interiorizar y hacer propio lo escuchado. Adem\u00e1s, puede ser oportuno acudir a tener una charla personal con un sacerdote.<\/li>\n<\/ul>\n<p><strong><br \/>\nEucarist\u00eda y Reconciliaci\u00f3n<\/strong><\/p>\n<ul>\n<li>Hablar de Jes\u00fas es mucho, pero recibirle es m\u00e1s. Recibir el perd\u00f3n de Dios en una buena confesi\u00f3n previa a la asistencia a la Eucarist\u00eda y comuni\u00f3n son el broche de oro de un buen retiro.<\/li>\n<\/ul>\n<p><strong><br \/>\nNo tengas miedo<\/strong><\/p>\n<ul>\n<li>Al mirarse en Jes\u00fas uno se encuentra a s\u00ed mismo en su mejor versi\u00f3n&#8230; y emergen algunas cosas que cambiar y mejorar. Reconocer, pedir perd\u00f3n y hacer prop\u00f3sitos de mejora son los ingredientes para recuperar la esperanza y la alegr\u00eda de vivir, aunque nuestras circunstancias no cambien.<\/li>\n<li>Apunta sin miedo, reconoce sin miedo, decide sin miedo&#8230; No temas, la buena noticia del cristianismo es la alegr\u00eda!<\/li>\n<\/ul>\n<p>&nbsp;<\/p>\n<p>D. Jos\u00e9 F. Castiella, sacerdote pamplon\u00e9s, tiene una amplia experiencia como capell\u00e1n de centros educativos en Valencia y Madrid.<\/p>\n","protected":false},"excerpt":{"rendered":"<p>Tres d\u00edas de retiro espiritual para caminantes Retiro espiritual personalizado de fin de semana de 3 d\u00edas. El retiro puede adaptarlo a sus circunstancias. Lo importante es buscar a Jes\u00fas y poner los medios: recogimiento, silencio interior para escuchar, esfuerzo&#8230; Deseos de mejora, anhelo de esperanza, ilusi\u00f3n por aprender a querer m\u00e1s a Dios y a los dem\u00e1s. \u00bfDe qu\u00e9 se trata? Retirarnos algunos d\u00edas a un lugar solitario, para descubrir los valores del esp\u00edritu y ejercitarlos m\u00e1s en nuestra vida. Para ahondar hasta llegar a las ra\u00edces de lo que somos, de la grandeza y dignidad de ser y sabernos hijos de Dios. Para meditar sobre nuestro destino eterno. STOP: Parada check-up. Silencio interior. 3 d\u00edas dedicados a encontrarte contigo mismo y con Jes\u00fas. Formularnos preguntas de \u00e9sas que no tienen respuesta pero abren mediterr\u00e1neos y dan sentido a lo que hacemos. Recuperar la serenidad en tiempos acelerados. Alma, calma. Centrarse en lo que importa. Dios, los dem\u00e1s y yo. Pl\u00e1ticas Son comentarios a escenas del evangelio. Pretenden mostrar un Jes\u00fas. Dios verdadero y verdadero y atractivo hombre, en quien nos podemos mirar y con quien podemos dialogar y contar. Se sugieren 4 para cada d\u00eda, que pueden complementarse con el material extra a disposici\u00f3n, seg\u00fan las necesidades personales: lecturas, rosario, consultas en el Catecismo, etc. No es raro sentir la necesidad de profundizar y personalizar el contenido. Hacen falta tiempos de silencio (mejor en la iglesia) para interiorizar y hacer propio lo escuchado. Adem\u00e1s, puede ser oportuno acudir a tener una charla personal con un sacerdote. Eucarist\u00eda y Reconciliaci\u00f3n Hablar de Jes\u00fas es mucho, pero recibirle es m\u00e1s. Recibir el perd\u00f3n de Dios en una buena confesi\u00f3n previa a la asistencia a la Eucarist\u00eda y comuni\u00f3n son el broche de oro de un buen retiro. No tengas miedo Al mirarse en Jes\u00fas uno se encuentra a s\u00ed mismo en su mejor versi\u00f3n&#8230; y emergen algunas cosas que cambiar y mejorar. Reconocer, pedir perd\u00f3n y hacer prop\u00f3sitos de mejora son los ingredientes para recuperar la esperanza y la alegr\u00eda de vivir, aunque nuestras circunstancias no cambien. Apunta sin miedo, reconoce sin miedo, decide sin miedo&#8230; No temas, la buena noticia del cristianismo es la alegr\u00eda! &nbsp; D. Jos\u00e9 F. Castiella, sacerdote pamplon\u00e9s, tiene una amplia experiencia como capell\u00e1n de centros educativos en Valencia y Madrid.<\/p>\n","protected":false},"author":1,"featured_media":0,"parent":0,"menu_order":0,"comment_status":"open","ping_status":"open","template":"","meta":{"footnotes":""},"class_list":["post-11","page","type-page","status-publish","hentry"],"_links":{"self":[{"href":"https:\/\/ldvm.net\/retcam\/wp-json\/wp\/v2\/pages\/11","targetHints":{"allow":["GET"]}}],"collection":[{"href":"https:\/\/ldvm.net\/retcam\/wp-json\/wp\/v2\/pages"}],"about":[{"href":"https:\/\/ldvm.net\/retcam\/wp-json\/wp\/v2\/types\/page"}],"author":[{"embeddable":true,"href":"https:\/\/ldvm.net\/retcam\/wp-json\/wp\/v2\/users\/1"}],"replies":[{"embeddable":true,"href":"https:\/\/ldvm.net\/retcam\/wp-json\/wp\/v2\/comments?post=11"}],"version-history":[{"count":3,"href":"https:\/\/ldvm.net\/retcam\/wp-json\/wp\/v2\/pages\/11\/revisions"}],"predecessor-version":[{"id":685,"href":"https:\/\/ldvm.net\/retcam\/wp-json\/wp\/v2\/pages\/11\/revisions\/685"}],"wp:attachment":[{"href":"https:\/\/ldvm.net\/retcam\/wp-json\/wp\/v2\/media?parent=11"}],"curies":[{"name":"wp","href":"https:\/\/api.w.org\/{rel}","templated":true}]}}