{"id":558,"date":"2014-12-05T18:30:47","date_gmt":"2014-12-05T18:30:47","guid":{"rendered":"http:\/\/ldvm.org\/retmat\/?page_id=558"},"modified":"2014-12-05T18:30:47","modified_gmt":"2014-12-05T18:30:47","slug":"acceso","status":"publish","type":"page","link":"https:\/\/ldvm.net\/retcam\/acceso\/","title":{"rendered":"Acceso a los retiros"},"content":{"rendered":"<p>El acceso est\u00e1 situado en el \u00e1ngulo superior derecho de la p\u00e1gina. Tras pulsar ah\u00ed se le pedir\u00e1 el correspondiente usuario y contrase\u00f1a.<br \/>\nEstas claves puede solicitarlas poni\u00e9ndose en contacto con nosotros enviando un email a: infoldvm@ldvm.org especificando el retiro al que desea acceder, las fechas en la que quiere que est\u00e9 operativo y unas m\u00ednimas referencias suyas. Los retiros disponibles son:<\/p>\n<ul>\n<li>Retiro para Caminantes por D. Jos\u00e9 F. Castiella<\/li>\n<li>Retiro para Alejados por D. Fernando Cuevas<\/li>\n<li>Retiro para Matrimonios por D. Manuel Sancristoval<\/li>\n<li>Retiro para Novios por D. Antonio Schlatter<\/li>\n<li>Retiro breve (un d\u00eda) por D. Ignacio Juez<\/li>\n<li>Day of Recollection by Father John Flader<\/li>\n<li>Day of Recollection by Father Gavan Jennings<\/li>\n<\/ul>\n<p>Gracias,<br \/>\nEquipo LDVM<\/p>\n<form method=\"post\" id=\"cntctfrm_contact_form\" class=\"cntctfrm_contact_form cntctfrm_one_column cntctfrm_ltr cntctfrm_width_default\" action=\"\/retcam\/wp-json\/wp\/v2\/pages\/558#cntctfrm_contact_form\" enctype=\"multipart\/form-data\"><div id=\"cntctfrm_first_column\" class=\"cntctfrm_column\"><div class=\"cntctfrm_field_wrap cntctfrm_field_name_wrap\"namecontact><div class=\"cntctfrm_label cntctfrm_label_name\">\n\t\t\t\t\t\t\t\t\t<label for=\"cntctfrm_contact_name\">Nombre: <span class=\"required\">*<\/span><\/label><\/div><div class=\"cntctfrm_input cntctfrm_input_name\">\n\t\t\t\t\t\t\t\t\t<input namecontact class=\"text\" type=\"text\" size=\"40\" pattern=\"^([\\p{L}\\p{M}]{2,}(\\s)*(\\p{L}+\\p{M}*-*){1,})|([\\p{L}\\p{M}]{3,})\" title=\"Please enter only letters at least 3 characters, words seperated by spaces\" value=\"\" name=\"cntctfrm_contact_name\" id=\"cntctfrm_contact_name\" \/><\/div><\/div><div class=\"cntctfrm_field_wrap cntctfrm_field_email_wrap\"email><div class=\"cntctfrm_label cntctfrm_label_email\">\n\t\t\t\t\t\t\t\t\t<label for=\"cntctfrm_contact_email\">Direcci\u00f3n de correo electr\u00f3nico: <span class=\"required\">*<\/span><\/label>\n\t\t\t\t\t\t\t\t<\/div><div class=\"cntctfrm_input cntctfrm_input_email\">\n\t\t\t\t\t\t\t\t\t<input email class=\"text\" type=\"email\" size=\"40\" value=\"\" name=\"cntctfrm_contact_email\" id=\"cntctfrm_contact_email\" \/><\/div><\/div><div class=\"cntctfrm_field_wrap cntctfrm_field_subject_wrap\"subject><div class=\"cntctfrm_label cntctfrm_label_subject\">\n\t\t\t\t\t\t\t\t\t<label for=\"cntctfrm_contact_subject\">Asunto: <span class=\"required\">*<\/span><\/label>\n\t\t\t\t\t\t\t\t<\/div><div class=\"cntctfrm_input cntctfrm_input_subject\">\n\t\t\t\t\t\t\t\t<input subject pattern=\"^([\\p{M}\\p{L}]{1,}(\\s\\p{M}*\\p{L}+-*)*){3,}\" title=\"Please enter only letters at least 3 characters, words seperated by spaces\" class=\"text\" type=\"text\" size=\"40\" value=\"\" name=\"cntctfrm_contact_subject\" id=\"cntctfrm_contact_subject\" \/><\/div><\/div><div class=\"cntctfrm_field_wrap cntctfrm_field_message_wrap\"message><div class=\"cntctfrm_label cntctfrm_label_message\">\n\t\t\t\t\t\t\t\t<label for=\"cntctfrm_contact_message\">Mensaje: <span class=\"required\">*<\/span><\/label>\n\t\t\t\t\t\t\t<\/div><div class=\"cntctfrm_input cntctfrm_input_message\">\n\t\t\t\t\t\t\t\t<textarea message rows=\"5\" cols=\"30\"name=\"cntctfrm_contact_message\" id=\"cntctfrm_contact_message\"><\/textarea><\/div><\/div><\/div><div class=\"clear\"><\/div><div class=\"cntctfrm_submit_wrap\"><div id=\"cntctfrm_submit_first_column\" class=\"cntctfrm_column\"><div class=\"cntctfrm_input cntctfrm_input_submit\"><input type=\"hidden\" value=\"send\" name=\"cntctfrm_contact_action\">\n\t\t\t\t\t\t\t<input type=\"hidden\" value=\"default\" name=\"cntctfrm_language\">\n\t\t\t\t\t\t\t<input type=\"hidden\" value=\"1\" name=\"cntctfrm_form_submited\">\n\t\t\t\t\t\t\t<input type=\"hidden\" value=\"cntctfrm_options\" name=\"cntctfrm_options_name\">\n\t\t\t\t\t\t\t<input type=\"submit\" value=\"Enviar\" class=\"cntctfrm_contact_submit\" id=\"1\" \/>\n\t\t\t\t\t\t<\/div><\/div><div id=\"cntctfrm_submit_second_column\" class=\"cntctfrm_column\"><\/div><div class=\"clear\"><\/div>\n\t\t\t<\/div>\n\t\t\t<\/form>\n","protected":false},"excerpt":{"rendered":"<p>El acceso est\u00e1 situado en el \u00e1ngulo superior derecho de la p\u00e1gina. Tras pulsar ah\u00ed se le pedir\u00e1 el correspondiente usuario y contrase\u00f1a. Estas claves puede solicitarlas poni\u00e9ndose en contacto con nosotros enviando un email a: infoldvm@ldvm.org especificando el retiro al que desea acceder, las fechas en la que quiere que est\u00e9 operativo y unas m\u00ednimas referencias suyas. Los retiros disponibles son: Retiro para Caminantes por D. Jos\u00e9 F. Castiella Retiro para Alejados por D. Fernando Cuevas Retiro para Matrimonios por D. Manuel Sancristoval Retiro para Novios por D. Antonio Schlatter Retiro breve (un d\u00eda) por D. Ignacio Juez Day of Recollection by Father John Flader Day of Recollection by Father Gavan Jennings Gracias, Equipo LDVM<\/p>\n","protected":false},"author":1,"featured_media":0,"parent":0,"menu_order":0,"comment_status":"closed","ping_status":"closed","template":"","meta":{"footnotes":""},"class_list":["post-558","page","type-page","status-publish","hentry"],"_links":{"self":[{"href":"https:\/\/ldvm.net\/retcam\/wp-json\/wp\/v2\/pages\/558","targetHints":{"allow":["GET"]}}],"collection":[{"href":"https:\/\/ldvm.net\/retcam\/wp-json\/wp\/v2\/pages"}],"about":[{"href":"https:\/\/ldvm.net\/retcam\/wp-json\/wp\/v2\/types\/page"}],"author":[{"embeddable":true,"href":"https:\/\/ldvm.net\/retcam\/wp-json\/wp\/v2\/users\/1"}],"replies":[{"embeddable":true,"href":"https:\/\/ldvm.net\/retcam\/wp-json\/wp\/v2\/comments?post=558"}],"version-history":[{"count":0,"href":"https:\/\/ldvm.net\/retcam\/wp-json\/wp\/v2\/pages\/558\/revisions"}],"wp:attachment":[{"href":"https:\/\/ldvm.net\/retcam\/wp-json\/wp\/v2\/media?parent=558"}],"curies":[{"name":"wp","href":"https:\/\/api.w.org\/{rel}","templated":true}]}}