{"id":558,"date":"2014-12-05T18:30:47","date_gmt":"2014-12-05T18:30:47","guid":{"rendered":"http:\/\/ldvm.org\/retmat\/?page_id=558"},"modified":"2023-12-20T17:20:11","modified_gmt":"2023-12-20T17:20:11","slug":"acceso","status":"publish","type":"page","link":"https:\/\/ldvm.net\/retdia\/acceso\/","title":{"rendered":"Acceso a los retiros"},"content":{"rendered":"<p>El acceso est\u00e1 situado en el \u00e1ngulo superior derecho de la p\u00e1gina. Tras pulsar ah\u00ed se le pedir\u00e1 el correspondiente usuario y contrase\u00f1a.<\/p>\n<p>Estas claves puede solicitarlas poni\u00e9ndose en contacto con nosotros enviando un email a: infoldvm@ldvm.org especificando el retiro al que desea acceder, las fechas en la que quiere que est\u00e9 operativo y unas m\u00ednimas referencias suyas. Los retiros disponibles son:<br \/>\nRetiro para Caminantes por D. Jos\u00e9 F. Castiella<br \/>\nRetiro para Alejados por D. Fernando Cuevas<br \/>\nRetiro para Matrimonios por D. Manuel Sancristoval<br \/>\nRetiro para Novios por D. Antonio Schlatter<br \/>\nRetiro breve (un d\u00eda) por D. Ignacio Juez<br \/>\nDay of Recollection by Father John Flader<br \/>\nDay of Recollection by Father Gavan Jennings<br \/>\nGracias,<br \/>\nEquipo LDVM<\/p>\n<p><span class=\"cntctfrm_shortcode\">[bestwebsoft_contact_form lang=es]<\/span><\/p>\n","protected":false},"excerpt":{"rendered":"<p>El acceso est\u00e1 situado en el \u00e1ngulo superior derecho de la p\u00e1gina. Tras pulsar ah\u00ed se le pedir\u00e1 el correspondiente usuario y contrase\u00f1a. Estas claves puede solicitarlas poni\u00e9ndose en contacto con nosotros enviando un email a: infoldvm@ldvm.org especificando el retiro al que desea acceder, las fechas en la que quiere que est\u00e9 operativo y unas m\u00ednimas referencias suyas. Los retiros disponibles son: Retiro para Caminantes por D. Jos\u00e9 F. Castiella Retiro para Alejados por D. Fernando Cuevas Retiro para Matrimonios por D. Manuel Sancristoval Retiro para Novios por D. Antonio Schlatter Retiro breve (un d\u00eda) por D. Ignacio Juez Day of Recollection by Father John Flader Day of Recollection by Father Gavan Jennings Gracias, Equipo LDVM [bestwebsoft_contact_form lang=es]<\/p>\n","protected":false},"author":6,"featured_media":0,"parent":0,"menu_order":0,"comment_status":"closed","ping_status":"closed","template":"","meta":{"footnotes":""},"class_list":["post-558","page","type-page","status-publish","hentry"],"_links":{"self":[{"href":"https:\/\/ldvm.net\/retdia\/wp-json\/wp\/v2\/pages\/558","targetHints":{"allow":["GET"]}}],"collection":[{"href":"https:\/\/ldvm.net\/retdia\/wp-json\/wp\/v2\/pages"}],"about":[{"href":"https:\/\/ldvm.net\/retdia\/wp-json\/wp\/v2\/types\/page"}],"author":[{"embeddable":true,"href":"https:\/\/ldvm.net\/retdia\/wp-json\/wp\/v2\/users\/6"}],"replies":[{"embeddable":true,"href":"https:\/\/ldvm.net\/retdia\/wp-json\/wp\/v2\/comments?post=558"}],"version-history":[{"count":1,"href":"https:\/\/ldvm.net\/retdia\/wp-json\/wp\/v2\/pages\/558\/revisions"}],"predecessor-version":[{"id":798,"href":"https:\/\/ldvm.net\/retdia\/wp-json\/wp\/v2\/pages\/558\/revisions\/798"}],"wp:attachment":[{"href":"https:\/\/ldvm.net\/retdia\/wp-json\/wp\/v2\/media?parent=558"}],"curies":[{"name":"wp","href":"https:\/\/api.w.org\/{rel}","templated":true}]}}