{"id":9,"date":"2014-10-17T16:13:11","date_gmt":"2014-10-17T16:13:11","guid":{"rendered":"http:\/\/ldvm.org\/retmat\/?page_id=6"},"modified":"2024-01-25T16:03:01","modified_gmt":"2024-01-25T16:03:01","slug":"pautas","status":"publish","type":"page","link":"https:\/\/ldvm.net\/retdia\/pautas\/","title":{"rendered":"pautas recomendadas"},"content":{"rendered":"<p><a href=\"https:\/\/ldvm.net\/retdia\/wp-content\/uploads\/2024\/01\/cabecera.jpg\"><img fetchpriority=\"high\" decoding=\"async\" class=\"wp-image-9\" src=\"https:\/\/ldvm.net\/retdia\/wp-content\/uploads\/2024\/01\/cabecera.jpg\" alt=\"cabecera\" width=\"948\" height=\"226\" \/><\/a><\/p>\n<p><strong>PAUTAS<\/strong><br \/>\nD\u00eda de retiro. La radicalidad del evangelio.<br \/>\nUna jornada de retiro espiritual seg\u00fan la pr\u00e1ctica tradicional cristiana de reservar un d\u00eda al mes para el trato exclusivo con Dios. El retiro puede adaptarlo a sus circunstancias pero para hacerlo de manera adecuada ser\u00e1 necesario seguir las siguientes indicaciones sobre previsiones, protecciones, horario y materiales. Tanto m\u00e1s sacar\u00e1 del retiro cuanto m\u00e1s las siga:<br \/>\n1.- Previsiones. Es necesario:<\/p>\n<ol>\n<li>Tener siempre a mano el material de lectura espiritual.<\/li>\n<li>Disponer de un Nuevo Testamento o de un Misal para leer y meditar el evangelio del d\u00eda o alg\u00fan pasaje escogido.<\/li>\n<li>Disponer de un Compendio del Catecismo de la Iglesia Cat\u00f3lica para leer libremente alg\u00fan capitulo.<\/li>\n<li>Decidir previamente en qu\u00e9 Iglesia se podr\u00e1 rezar en paz y hacer la visita al Sant\u00edsimo.<\/li>\n<\/ol>\n<p>2.- Protecciones. Es necesario:<\/p>\n<ul style=\"list-style-type: circle;\">\n<li>Buscar el silencio. No o\u00edr la radio, ni m\u00fasica. Esto incluye las comidas.<\/li>\n<li>No ver la televisi\u00f3n (aparte de las pel\u00edculas recomendadas) ni leer la prensa, ni acceder a internet fuera del acceso a las pl\u00e1ticas o meditaciones y charlas.<\/li>\n<li>No agendar ning\u00fan acto social ni familiar ni profesional para esos d\u00edas ni solventar pendientes incurridos previamente al respecto.<\/li>\n<li>Apagar el m\u00f3vil o celular para centrarse exclusivamente en el retiro. Se trata de estar en silencio. Por esta raz\u00f3n deber\u00e1 comunicar a los que viven con usted su circunstancia para que no le molesten.<\/li>\n<\/ul>\n<p>3.- Horario a seguir. El contenido ofertado on-line consta de 3 meditaciones o pl\u00e1ticas y 1 charla que puede organizar del siguiente modo:<\/p>\n<ol style=\"list-style-type: circle;\">\n<li><strong>Pauta horaria ma\u00f1ana:<\/strong>\n<ol>\n<li>Lectura: 15-20 minutos.<\/li>\n<li>Charla: Presentaci\u00f3n e introducci\u00f3n.<\/li>\n<li>Pl\u00e1tica 1: Qui\u00e9n no est\u00e1 conmigo est\u00e1 contra mi.<\/li>\n<li>Pl\u00e1tica 2: Haced lo que dicen pero no lo que hacen.<\/li>\n<\/ol>\n<\/li>\n<li><strong>Pauta horaria tarde:<\/strong>\n<ol>\n<li>Pl\u00e1tica 3: La expulsi\u00f3n de los mercaderes del templo.<\/li>\n<li>Visita al Sant\u00edsimo con un rato de oraci\u00f3n personal.<\/li>\n<\/ol>\n<\/li>\n<li><strong>Horario complementario:\u00a0<\/strong> Al anterior horario se le puede a\u00f1adir Misa y Rosario u otra pr\u00e1ctica de piedad seg\u00fan la costumbre o gusto personal.<\/li>\n<li><strong>Materiales: <\/strong><br \/>\nLibros para elegir la lectura espiritual (escoger):<\/p>\n<ol>\n<li>Scott y Kimberly Hahn: Roma dulce hogar.<\/li>\n<li>San Josemar\u00eda Escriv\u00e1: Camino el cd Amar al mundo apasionadamente: homil\u00eda en el campus de Pamplona, audio ideal para desplazamientos en auto.<\/li>\n<li>Santa Faustina Kowalska: Diario<\/li>\n<li>Benedicto XVI: Jes\u00fas de Nazaret<\/li>\n<li>Otros: recomendados durante el retiro.<\/li>\n<li>Audios para las comidas: recomendados diferentes podcasts, durante el retiro.<\/li>\n<\/ol>\n<\/li>\n<\/ol>\n<p><em><strong>Consejos varios:<\/strong><\/em><br \/>\n1.- Los frutos del retiro espiritual dependen en buena parte del recogimiento y de la presencia de Dios que se vive durante la jornada.<\/p>\n<p>2.- Estos frutos se concretan en prop\u00f3sitos personales. Subrayamos lo de personales, en el sentido de que el Esp\u00edritu Santo se dirige a cada alma en la intimidad de su coraz\u00f3n y por tanto hemos de desechar la idea de apuntar prop\u00f3sitos a los dem\u00e1s. Uno debe saber distinguir qu\u00e9 pertenece a su relaci\u00f3n personal con Dios y qu\u00e9 debe ser compartido con el c\u00f3nyuge en aras de facilitar la construcci\u00f3n de la Iglesia dom\u00e9stica. El respeto a la intimidad y libertad de los dem\u00e1s protege tambi\u00e9n la nuestra, cara a Dios.<\/p>\n<p>3.- Dentro de las directrices marcadas en el horario cabe mucha iniciativa personal y en este sentido el horario marca un elenco de m\u00ednimos que puede completarse, por ejemplo, con: tiempo para la oraci\u00f3n y meditaci\u00f3n individual, la concreci\u00f3n de prop\u00f3sitos a corto, medio y largo plazo, hacer un examen de vida, etc. Siempre buscando el silencio y el recogimiento y evitando la dispersi\u00f3n<\/p>\n<p>4.- Por \u00faltimo, apuntamos la necesidad de reafirmarse en la perseverancia. Durante el retiro todo lo dem\u00e1s debe esperar. Y, no sorprendentemente, despu\u00e9s, ello, sea lo que fuere, saldr\u00e1 mejor de lo esperado.<\/p>\n<p>Muchas gracias y mucha suerte.<\/p>\n<p>Equipo LDVM.<\/p>\n<p><a href=\"https:\/\/ldvm.net\/retdia\/wp-content\/uploads\/2015\/03\/cropped-logo31.png\"><img decoding=\"async\" class=\"alignnone wp-image-10\" src=\"https:\/\/ldvm.net\/retdia\/wp-content\/uploads\/2015\/03\/cropped-logo31.png\" alt=\"ldvm_logo\" width=\"87\" height=\"100\" \/><\/a><\/p>\n<p>Para descargar esta programaci\u00f3n en PDF pulse <strong><a title=\"Pautas Retiro Matrimonios\" href=\"http:\/\/ldvm.org\/retdia\/documentos\/pautas.pdf\" target=\"_blank\" rel=\"noopener\">AQU\u00cd<\/a><\/strong><\/p>\n","protected":false},"excerpt":{"rendered":"<p>PAUTAS D\u00eda de retiro. La radicalidad del evangelio. Una jornada de retiro espiritual seg\u00fan la pr\u00e1ctica tradicional cristiana de reservar un d\u00eda al mes para el trato exclusivo con Dios. El retiro puede adaptarlo a sus circunstancias pero para hacerlo de manera adecuada ser\u00e1 necesario seguir las siguientes indicaciones sobre previsiones, protecciones, horario y materiales. Tanto m\u00e1s sacar\u00e1 del retiro cuanto m\u00e1s las siga: 1.- Previsiones. Es necesario: Tener siempre a mano el material de lectura espiritual. Disponer de un Nuevo Testamento o de un Misal para leer y meditar el evangelio del d\u00eda o alg\u00fan pasaje escogido. Disponer de un Compendio del Catecismo de la Iglesia Cat\u00f3lica para leer libremente alg\u00fan capitulo. Decidir previamente en qu\u00e9 Iglesia se podr\u00e1 rezar en paz y hacer la visita al Sant\u00edsimo. 2.- Protecciones. Es necesario: Buscar el silencio. No o\u00edr la radio, ni m\u00fasica. Esto incluye las comidas. No ver la televisi\u00f3n (aparte de las pel\u00edculas recomendadas) ni leer la prensa, ni acceder a internet fuera del acceso a las pl\u00e1ticas o meditaciones y charlas. No agendar ning\u00fan acto social ni familiar ni profesional para esos d\u00edas ni solventar pendientes incurridos previamente al respecto. Apagar el m\u00f3vil o celular para centrarse exclusivamente en el retiro. Se trata de estar en silencio. Por esta raz\u00f3n deber\u00e1 comunicar a los que viven con usted su circunstancia para que no le molesten. 3.- Horario a seguir. El contenido ofertado on-line consta de 3 meditaciones o pl\u00e1ticas y 1 charla que puede organizar del siguiente modo: Pauta horaria ma\u00f1ana: Lectura: 15-20 minutos. Charla: Presentaci\u00f3n e introducci\u00f3n. Pl\u00e1tica 1: Qui\u00e9n no est\u00e1 conmigo est\u00e1 contra mi. Pl\u00e1tica 2: Haced lo que dicen pero no lo que hacen. Pauta horaria tarde: Pl\u00e1tica 3: La expulsi\u00f3n de los mercaderes del templo. Visita al Sant\u00edsimo con un rato de oraci\u00f3n personal. Horario complementario:\u00a0 Al anterior horario se le puede a\u00f1adir Misa y Rosario u otra pr\u00e1ctica de piedad seg\u00fan la costumbre o gusto personal. Materiales: Libros para elegir la lectura espiritual (escoger): Scott y Kimberly Hahn: Roma dulce hogar. San Josemar\u00eda Escriv\u00e1: Camino el cd Amar al mundo apasionadamente: homil\u00eda en el campus de Pamplona, audio ideal para desplazamientos en auto. Santa Faustina Kowalska: Diario Benedicto XVI: Jes\u00fas de Nazaret Otros: recomendados durante el retiro. Audios para las comidas: recomendados diferentes podcasts, durante el retiro. Consejos varios: 1.- Los frutos del retiro espiritual dependen en buena parte del recogimiento y de la presencia de Dios que se vive durante la jornada. 2.- Estos frutos se concretan en prop\u00f3sitos personales. Subrayamos lo de personales, en el sentido de que el Esp\u00edritu Santo se dirige a cada alma en la intimidad de su coraz\u00f3n y por tanto hemos de desechar la idea de apuntar prop\u00f3sitos a los dem\u00e1s. Uno debe saber distinguir qu\u00e9 pertenece a su relaci\u00f3n personal con Dios y qu\u00e9 debe ser compartido con el c\u00f3nyuge en aras de facilitar la construcci\u00f3n de la Iglesia dom\u00e9stica. El respeto a la intimidad y libertad de los dem\u00e1s protege tambi\u00e9n la nuestra, cara a Dios. 3.- Dentro de las directrices marcadas en el horario cabe mucha iniciativa personal y en este sentido el horario marca un elenco de m\u00ednimos que puede completarse, por ejemplo, con: tiempo para la oraci\u00f3n y meditaci\u00f3n individual, la concreci\u00f3n de prop\u00f3sitos a corto, medio y largo plazo, hacer un examen de vida, etc. Siempre buscando el silencio y el recogimiento y evitando la dispersi\u00f3n 4.- Por \u00faltimo, apuntamos la necesidad de reafirmarse en la perseverancia. Durante el retiro todo lo dem\u00e1s debe esperar. Y, no sorprendentemente, despu\u00e9s, ello, sea lo que fuere, saldr\u00e1 mejor de lo esperado. Muchas gracias y mucha suerte. Equipo LDVM. Para descargar esta programaci\u00f3n en PDF pulse AQU\u00cd<\/p>\n","protected":false},"author":6,"featured_media":0,"parent":0,"menu_order":0,"comment_status":"closed","ping_status":"closed","template":"","meta":{"footnotes":""},"class_list":["post-9","page","type-page","status-publish","hentry"],"_links":{"self":[{"href":"https:\/\/ldvm.net\/retdia\/wp-json\/wp\/v2\/pages\/9","targetHints":{"allow":["GET"]}}],"collection":[{"href":"https:\/\/ldvm.net\/retdia\/wp-json\/wp\/v2\/pages"}],"about":[{"href":"https:\/\/ldvm.net\/retdia\/wp-json\/wp\/v2\/types\/page"}],"author":[{"embeddable":true,"href":"https:\/\/ldvm.net\/retdia\/wp-json\/wp\/v2\/users\/6"}],"replies":[{"embeddable":true,"href":"https:\/\/ldvm.net\/retdia\/wp-json\/wp\/v2\/comments?post=9"}],"version-history":[{"count":2,"href":"https:\/\/ldvm.net\/retdia\/wp-json\/wp\/v2\/pages\/9\/revisions"}],"predecessor-version":[{"id":833,"href":"https:\/\/ldvm.net\/retdia\/wp-json\/wp\/v2\/pages\/9\/revisions\/833"}],"wp:attachment":[{"href":"https:\/\/ldvm.net\/retdia\/wp-json\/wp\/v2\/media?parent=9"}],"curies":[{"name":"wp","href":"https:\/\/api.w.org\/{rel}","templated":true}]}}