{"id":6,"date":"2014-10-17T16:13:11","date_gmt":"2014-10-17T16:13:11","guid":{"rendered":"http:\/\/ldvm.org\/retmat\/?page_id=6"},"modified":"2014-12-04T22:48:08","modified_gmt":"2014-12-04T22:48:08","slug":"pautas","status":"publish","type":"page","link":"https:\/\/ldvm.net\/retmat\/pautas\/","title":{"rendered":"pautas recomendadas"},"content":{"rendered":"<p><a href=\"http:\/\/ldvm.org\/retmat\/wp-content\/uploads\/2014\/10\/cabecera.jpg\"><img fetchpriority=\"high\" decoding=\"async\" class=\"wp-image-9\" src=\"http:\/\/ldvm.org\/retmat\/wp-content\/uploads\/2014\/10\/cabecera.jpg\" alt=\"cabecera\" width=\"948\" height=\"226\" srcset=\"https:\/\/ldvm.net\/retmat\/wp-content\/uploads\/2014\/10\/cabecera.jpg 2480w, https:\/\/ldvm.net\/retmat\/wp-content\/uploads\/2014\/10\/cabecera-300x71.jpg 300w, https:\/\/ldvm.net\/retmat\/wp-content\/uploads\/2014\/10\/cabecera-1024x244.jpg 1024w\" sizes=\"(max-width: 948px) 100vw, 948px\" \/><\/a><\/p>\n<p><strong>PAUTAS<\/strong><br \/>\nTres d\u00edas de retiro espiritual para matrimonios.<br \/>\nRetiro espiritual personalizado de fin de semana de 3 d\u00edas con pr\u00f3logo y ep\u00edlogo. El retiro puede adaptarlo a sus circunstancias pero para hacerlo de manera adecuada ser\u00e1 necesario seguir las siguientes indicaciones sobre previsiones, protecciones, horario y materiales. Tanto m\u00e1s sacar\u00e1 del retiro cuanto m\u00e1s las siga:<br \/>\n1.- Previsiones. Es necesario:<\/p>\n<ol>\n<li>Tener siempre a mano el material de lectura espiritual (+ abajo) y dem\u00e1s textos<\/li>\n<li>Disponer de un Nuevo Testamento para leerlo libremente cuando se pueda. Llevarlo puesto. Textos sugeridos para leer primero: San Juan cap\u00edtulos 14 a 19; Hechos 1 a 7; Corintios 13.<\/li>\n<li>Disponer de un Compendio del Catecismo de la Iglesia Cat\u00f3lica para leerlo libremente. Llevarlo puesto.<\/li>\n<li>Decidir previamente en qu\u00e9 Iglesia se podr\u00e1 rezar en paz (y confesarse) el s\u00e1bado.<\/li>\n<li>Decidir previamente a qu\u00e9 templo, santuario o ermita mariana se podr\u00e1 acudir el domingo por la tarde.<\/li>\n<li>Disponer de unas pel\u00edculas y material audiovisual (+ abajo)<\/li>\n<li>Llevar un diario personal privado del retiro que se redactar\u00e1 cada d\u00eda.<\/li>\n<li>Pensar en un sacerdote, consejero, o director espiritual con el que se tratar\u00e1n los prop\u00f3sitos del retiro una vez acabado el mismo.<\/li>\n<\/ol>\n<p>2.- Protecciones. Es necesario:<\/p>\n<ul style=\"list-style-type: circle;\">\n<li>Buscar el silencio. No o\u00edr la radio, ni m\u00fasica esos tres d\u00edas: se pueden disponer audios p\u00edos para los desplazamientos o simplemente meditar. Esto incluye las comidas.<\/li>\n<li>No ver la televisi\u00f3n (aparte de las pel\u00edculas recomendadas) ni leer la prensa, ni acceder a internet fuera del acceso a las pl\u00e1ticas o meditaciones y charlas.<\/li>\n<li>No agendar ning\u00fan acto social ni familiar ni profesional para esos d\u00edas ni solventar pendientes incurridos previamente al respecto.<\/li>\n<li>No hacer gestiones profesionales fuera del horario laboral y, si es posible, apagar el m\u00f3vil o celular. Excepto por el horario laboral del viernes si es inevitable, centrarse exclusivamente en el retiro.<\/li>\n<\/ul>\n<p>3.- Horario, a seguir de Jueves (d\u00eda primero) por la noche a Lunes (d\u00eda quinto) por la ma\u00f1ana. El contenido ofertado on line consta de 14 meditaciones y 5 charlas que puede organizar del siguiente modo:<\/p>\n<ol style=\"list-style-type: circle;\">\n<li><strong>Jueves :<\/strong> Antes de empezar, por la noche: Meditaci\u00f3n 1.<br \/>\nAntes de acostarse: pel\u00edcula (a elegir una de las tres sugeridas).<\/li>\n<li><strong>D\u00eda 1: Viernes por la ma\u00f1ana<\/strong>: Antes de salir al trabajo: meditaci\u00f3n 2. Antes de comer: meditaci\u00f3n 3.<br \/>\nPor la tarde: despu\u00e9s de comer: meditaci\u00f3n 4. Antes de cenar: meditaci\u00f3n 5.<br \/>\nDespu\u00e9s de cenar: Charla 1 y 15 minutos de lectura espiritual.<\/li>\n<li><strong>D\u00eda 2: S\u00e1bado por la ma\u00f1ana<\/strong>: Antes de desayunar: meditaci\u00f3n 6. Antes de comer: meditaci\u00f3n 7. A mediod\u00eda: charla 2.<br \/>\nPor la tarde: despu\u00e9s de comer: meditaci\u00f3n 8. Antes de cenar: meditaci\u00f3n 9.<br \/>\nPor la ma\u00f1ana o a primera hora de la tarde, con ayuda del catecismo o de alg\u00fan libro piadoso dedicar una hora a hacer examen de conciencia.<br \/>\nDespu\u00e9s, por la tarde, charla 3, y a continuaci\u00f3n trasladarse a una Iglesia a rezar ante el Sant\u00edsimo y confesarse.<br \/>\nDespu\u00e9s de cenar: 15-20 minutos de lectura espiritual<br \/>\nAntes de acostarse: pel\u00edcula.<\/li>\n<li><strong>D\u00eda 3: Domingo por la ma\u00f1ana<\/strong>: Antes de desayunar: meditaci\u00f3n 10. Antes de comer: meditaci\u00f3n 11. A mediod\u00eda: charla 4.<br \/>\nPor la ma\u00f1ana: Misa y comuni\u00f3n<br \/>\nPor la tarde: despu\u00e9s de comer: meditaci\u00f3n 12. Antes de cenar: meditaci\u00f3n 13.<br \/>\nPor la tarde ante una imagen de la Virgen en templo, santuario o ermita: rezo del rosario.<br \/>\nAntes de acostarse: Charla 5 y 15-20 minutos de lectura espiritual.<br \/>\nDespu\u00e9s del retiro, el lunes por la ma\u00f1ana al levantarse: Meditaci\u00f3n 14.<br \/>\nHorario optativo: Al anterior horario se le puede a\u00f1adir Misa y Rosario todos los d\u00edas.<\/li>\n<\/ol>\n<p>4.- Materiales:\u00a0Libros para elegir la lectura espiritual:<\/p>\n<ol>\n<li>Benedicto XVI: Jes\u00fas de Nazaret<\/li>\n<li>San Josemar\u00eda Escriv\u00e1: Camino; el cd Amar al mundo apasionadamente: homil\u00eda en el campus de Pamplona, audio ideal para desplazamientos en auto.<\/li>\n<li>Santa Faustina Kowalska: Diario<\/li>\n<li>Scott y Kimberly Han: Roma dulce hogar.<\/li>\n<\/ol>\n<p>Pel\u00edculas:<br \/>\na) Don Bosco (2004)<br \/>\nb) Prefiero el para\u00edso (2010)<br \/>\nc) La pasi\u00f3n de Bernardette (1989).<\/p>\n<p><em><strong>Consejos varios:<\/strong><\/em><br \/>\n1.- Los frutos del retiro espiritual dependen en buena parte del recogimiento y de la presencia de Dios que se vive en el fin de semana dedicado a ello. Se trata de un fin de semana especial y \u00fanico.<\/p>\n<p>2.- Estos frutos se concretan en prop\u00f3sitos personales. Subrayamos lo de personales, en el sentido de que el Esp\u00edritu Santo se dirige a cada alma en la intimidad de su coraz\u00f3n y por tanto hemos de desechar la idea de apuntar prop\u00f3sitos a los dem\u00e1s. Uno debe saber distinguir qu\u00e9 pertenece a su relaci\u00f3n personal con Dios y qu\u00e9 debe ser compartido con el c\u00f3nyuge en aras de facilitar la construcci\u00f3n de la Iglesia dom\u00e9stica. El respeto a la intimidad del otro es clave para hacer equipo.<\/p>\n<p>3.- Dentro de las directrices marcadas en el horario cabe mucha iniciativa personal y en este sentido el horario marca un elenco de m\u00ednimos que puede completarse, por ejemplo, con: tiempo para la oraci\u00f3n y meditaci\u00f3n individual, para la redacci\u00f3n del peque\u00f1o diario, para la concreci\u00f3n de prop\u00f3sitos a corto, medio y largo plazo, o para hacer un examen de vida, entre otros contenidos.<\/p>\n<p>4.- Por \u00faltimo, apuntamos la necesidad de reafirmarse en la perseverancia. Es l\u00f3gico que surjan tentaciones, excusas y sucesos que en alg\u00fan momento nos planteen la conveniencia de hacer una excepci\u00f3n o par\u00f3n en el retiro o terminarlo antes. No debemos sucumbir a ello. Hacer mal el retiro es enga\u00f1arse a s\u00ed mismo. Durante el retiro todo lo dem\u00e1s debe esperar. Y, no sorprendentemente, despu\u00e9s, ello, sea lo que fuere, saldr\u00e1 mejor de lo esperado.<\/p>\n<p>Muchas gracias y mucha suerte.<\/p>\n<p>Equipo LDVM.<\/p>\n<p><a href=\"http:\/\/ldvm.org\/retmat\/wp-content\/uploads\/2014\/10\/ldvm_logo.png\"><img decoding=\"async\" class=\"alignnone  wp-image-10\" src=\"http:\/\/ldvm.org\/retmat\/wp-content\/uploads\/2014\/10\/ldvm_logo.png\" alt=\"ldvm_logo\" width=\"87\" height=\"100\" srcset=\"https:\/\/ldvm.net\/retmat\/wp-content\/uploads\/2014\/10\/ldvm_logo.png 368w, https:\/\/ldvm.net\/retmat\/wp-content\/uploads\/2014\/10\/ldvm_logo-259x300.png 259w\" sizes=\"(max-width: 87px) 100vw, 87px\" \/><\/a><\/p>\n<p>Para descargar esta programaci\u00f3n en PDF pulse <strong><a title=\"Pautas Retiro Matrimonios\" href=\"http:\/\/ldvm.org\/retmat\/documentos\/pautas.pdf\" target=\"_blank\">AQU\u00cd<\/a><\/strong><\/p>\n","protected":false},"excerpt":{"rendered":"<p>PAUTAS Tres d\u00edas de retiro espiritual para matrimonios. Retiro espiritual personalizado de fin de semana de 3 d\u00edas con pr\u00f3logo y ep\u00edlogo. El retiro puede adaptarlo a sus circunstancias pero para hacerlo de manera adecuada ser\u00e1 necesario seguir las siguientes indicaciones sobre previsiones, protecciones, horario y materiales. Tanto m\u00e1s sacar\u00e1 del retiro cuanto m\u00e1s las siga: 1.- Previsiones. Es necesario: Tener siempre a mano el material de lectura espiritual (+ abajo) y dem\u00e1s textos Disponer de un Nuevo Testamento para leerlo libremente cuando se pueda. Llevarlo puesto. Textos sugeridos para leer primero: San Juan cap\u00edtulos 14 a 19; Hechos 1 a 7; Corintios 13. Disponer de un Compendio del Catecismo de la Iglesia Cat\u00f3lica para leerlo libremente. Llevarlo puesto. Decidir previamente en qu\u00e9 Iglesia se podr\u00e1 rezar en paz (y confesarse) el s\u00e1bado. Decidir previamente a qu\u00e9 templo, santuario o ermita mariana se podr\u00e1 acudir el domingo por la tarde. Disponer de unas pel\u00edculas y material audiovisual (+ abajo) Llevar un diario personal privado del retiro que se redactar\u00e1 cada d\u00eda. Pensar en un sacerdote, consejero, o director espiritual con el que se tratar\u00e1n los prop\u00f3sitos del retiro una vez acabado el mismo. 2.- Protecciones. Es necesario: Buscar el silencio. No o\u00edr la radio, ni m\u00fasica esos tres d\u00edas: se pueden disponer audios p\u00edos para los desplazamientos o simplemente meditar. Esto incluye las comidas. No ver la televisi\u00f3n (aparte de las pel\u00edculas recomendadas) ni leer la prensa, ni acceder a internet fuera del acceso a las pl\u00e1ticas o meditaciones y charlas. No agendar ning\u00fan acto social ni familiar ni profesional para esos d\u00edas ni solventar pendientes incurridos previamente al respecto. No hacer gestiones profesionales fuera del horario laboral y, si es posible, apagar el m\u00f3vil o celular. Excepto por el horario laboral del viernes si es inevitable, centrarse exclusivamente en el retiro. 3.- Horario, a seguir de Jueves (d\u00eda primero) por la noche a Lunes (d\u00eda quinto) por la ma\u00f1ana. El contenido ofertado on line consta de 14 meditaciones y 5 charlas que puede organizar del siguiente modo: Jueves : Antes de empezar, por la noche: Meditaci\u00f3n 1. Antes de acostarse: pel\u00edcula (a elegir una de las tres sugeridas). D\u00eda 1: Viernes por la ma\u00f1ana: Antes de salir al trabajo: meditaci\u00f3n 2. Antes de comer: meditaci\u00f3n 3. Por la tarde: despu\u00e9s de comer: meditaci\u00f3n 4. Antes de cenar: meditaci\u00f3n 5. Despu\u00e9s de cenar: Charla 1 y 15 minutos de lectura espiritual. D\u00eda 2: S\u00e1bado por la ma\u00f1ana: Antes de desayunar: meditaci\u00f3n 6. Antes de comer: meditaci\u00f3n 7. A mediod\u00eda: charla 2. Por la tarde: despu\u00e9s de comer: meditaci\u00f3n 8. Antes de cenar: meditaci\u00f3n 9. Por la ma\u00f1ana o a primera hora de la tarde, con ayuda del catecismo o de alg\u00fan libro piadoso dedicar una hora a hacer examen de conciencia. Despu\u00e9s, por la tarde, charla 3, y a continuaci\u00f3n trasladarse a una Iglesia a rezar ante el Sant\u00edsimo y confesarse. Despu\u00e9s de cenar: 15-20 minutos de lectura espiritual Antes de acostarse: pel\u00edcula. D\u00eda 3: Domingo por la ma\u00f1ana: Antes de desayunar: meditaci\u00f3n 10. Antes de comer: meditaci\u00f3n 11. A mediod\u00eda: charla 4. Por la ma\u00f1ana: Misa y comuni\u00f3n Por la tarde: despu\u00e9s de comer: meditaci\u00f3n 12. Antes de cenar: meditaci\u00f3n 13. Por la tarde ante una imagen de la Virgen en templo, santuario o ermita: rezo del rosario. Antes de acostarse: Charla 5 y 15-20 minutos de lectura espiritual. Despu\u00e9s del retiro, el lunes por la ma\u00f1ana al levantarse: Meditaci\u00f3n 14. Horario optativo: Al anterior horario se le puede a\u00f1adir Misa y Rosario todos los d\u00edas. 4.- Materiales:\u00a0Libros para elegir la lectura espiritual: Benedicto XVI: Jes\u00fas de Nazaret San Josemar\u00eda Escriv\u00e1: Camino; el cd Amar al mundo apasionadamente: homil\u00eda en el campus de Pamplona, audio ideal para desplazamientos en auto. Santa Faustina Kowalska: Diario Scott y Kimberly Han: Roma dulce hogar. Pel\u00edculas: a) Don Bosco (2004) b) Prefiero el para\u00edso (2010) c) La pasi\u00f3n de Bernardette (1989). Consejos varios: 1.- Los frutos del retiro espiritual dependen en buena parte del recogimiento y de la presencia de Dios que se vive en el fin de semana dedicado a ello. Se trata de un fin de semana especial y \u00fanico. 2.- Estos frutos se concretan en prop\u00f3sitos personales. Subrayamos lo de personales, en el sentido de que el Esp\u00edritu Santo se dirige a cada alma en la intimidad de su coraz\u00f3n y por tanto hemos de desechar la idea de apuntar prop\u00f3sitos a los dem\u00e1s. Uno debe saber distinguir qu\u00e9 pertenece a su relaci\u00f3n personal con Dios y qu\u00e9 debe ser compartido con el c\u00f3nyuge en aras de facilitar la construcci\u00f3n de la Iglesia dom\u00e9stica. El respeto a la intimidad del otro es clave para hacer equipo. 3.- Dentro de las directrices marcadas en el horario cabe mucha iniciativa personal y en este sentido el horario marca un elenco de m\u00ednimos que puede completarse, por ejemplo, con: tiempo para la oraci\u00f3n y meditaci\u00f3n individual, para la redacci\u00f3n del peque\u00f1o diario, para la concreci\u00f3n de prop\u00f3sitos a corto, medio y largo plazo, o para hacer un examen de vida, entre otros contenidos. 4.- Por \u00faltimo, apuntamos la necesidad de reafirmarse en la perseverancia. Es l\u00f3gico que surjan tentaciones, excusas y sucesos que en alg\u00fan momento nos planteen la conveniencia de hacer una excepci\u00f3n o par\u00f3n en el retiro o terminarlo antes. No debemos sucumbir a ello. Hacer mal el retiro es enga\u00f1arse a s\u00ed mismo. Durante el retiro todo lo dem\u00e1s debe esperar. Y, no sorprendentemente, despu\u00e9s, ello, sea lo que fuere, saldr\u00e1 mejor de lo esperado. Muchas gracias y mucha suerte. Equipo LDVM. Para descargar esta programaci\u00f3n en PDF pulse AQU\u00cd<\/p>\n","protected":false},"author":3,"featured_media":0,"parent":0,"menu_order":0,"comment_status":"closed","ping_status":"closed","template":"","meta":{"footnotes":""},"class_list":["post-6","page","type-page","status-publish","hentry"],"_links":{"self":[{"href":"https:\/\/ldvm.net\/retmat\/wp-json\/wp\/v2\/pages\/6","targetHints":{"allow":["GET"]}}],"collection":[{"href":"https:\/\/ldvm.net\/retmat\/wp-json\/wp\/v2\/pages"}],"about":[{"href":"https:\/\/ldvm.net\/retmat\/wp-json\/wp\/v2\/types\/page"}],"author":[{"embeddable":true,"href":"https:\/\/ldvm.net\/retmat\/wp-json\/wp\/v2\/users\/3"}],"replies":[{"embeddable":true,"href":"https:\/\/ldvm.net\/retmat\/wp-json\/wp\/v2\/comments?post=6"}],"version-history":[{"count":1,"href":"https:\/\/ldvm.net\/retmat\/wp-json\/wp\/v2\/pages\/6\/revisions"}],"predecessor-version":[{"id":490,"href":"https:\/\/ldvm.net\/retmat\/wp-json\/wp\/v2\/pages\/6\/revisions\/490"}],"wp:attachment":[{"href":"https:\/\/ldvm.net\/retmat\/wp-json\/wp\/v2\/media?parent=6"}],"curies":[{"name":"wp","href":"https:\/\/api.w.org\/{rel}","templated":true}]}}